{"id":23,"date":"2023-10-17T20:58:09","date_gmt":"2023-10-17T20:58:09","guid":{"rendered":"https:\/\/www.relaxtulumapartment.com\/fr\/?page_id=23"},"modified":"2023-10-23T09:52:18","modified_gmt":"2023-10-23T09:52:18","slug":"qui_sommes-nous","status":"publish","type":"page","link":"https:\/\/www.relaxtulumapartment.com\/fr\/qui_sommes-nous\/","title":{"rendered":"QUI SOMMES-NOUS"},"content":{"rendered":"\t\t<div data-elementor-type=\"wp-page\" data-elementor-id=\"23\" class=\"elementor elementor-23\">\n\t\t\t\t\t\t<section class=\"elementor-section elementor-top-section elementor-element elementor-element-83ed84a elementor-section-boxed elementor-section-height-default elementor-section-height-default wpr-particle-no wpr-jarallax-no wpr-parallax-no wpr-sticky-section-no\" data-id=\"83ed84a\" data-element_type=\"section\">\n\t\t\t\t\t\t<div class=\"elementor-container elementor-column-gap-default\">\n\t\t\t\t\t<div class=\"elementor-column elementor-col-100 elementor-top-column elementor-element elementor-element-11d78c1\" data-id=\"11d78c1\" data-element_type=\"column\">\n\t\t\t<div class=\"elementor-widget-wrap elementor-element-populated\">\n\t\t\t\t\t\t<div class=\"elementor-element elementor-element-3467ad5 elementor-widget elementor-widget-spacer\" data-id=\"3467ad5\" data-element_type=\"widget\" data-widget_type=\"spacer.default\">\n\t\t\t\t<div class=\"elementor-widget-container\">\n\t\t\t<style>\/*! elementor - v3.22.0 - 26-06-2024 *\/\n.elementor-column .elementor-spacer-inner{height:var(--spacer-size)}.e-con{--container-widget-width:100%}.e-con-inner>.elementor-widget-spacer,.e-con>.elementor-widget-spacer{width:var(--container-widget-width,var(--spacer-size));--align-self:var(--container-widget-align-self,initial);--flex-shrink:0}.e-con-inner>.elementor-widget-spacer>.elementor-widget-container,.e-con>.elementor-widget-spacer>.elementor-widget-container{height:100%;width:100%}.e-con-inner>.elementor-widget-spacer>.elementor-widget-container>.elementor-spacer,.e-con>.elementor-widget-spacer>.elementor-widget-container>.elementor-spacer{height:100%}.e-con-inner>.elementor-widget-spacer>.elementor-widget-container>.elementor-spacer>.elementor-spacer-inner,.e-con>.elementor-widget-spacer>.elementor-widget-container>.elementor-spacer>.elementor-spacer-inner{height:var(--container-widget-height,var(--spacer-size))}.e-con-inner>.elementor-widget-spacer.elementor-widget-empty,.e-con>.elementor-widget-spacer.elementor-widget-empty{position:relative;min-height:22px;min-width:22px}.e-con-inner>.elementor-widget-spacer.elementor-widget-empty .elementor-widget-empty-icon,.e-con>.elementor-widget-spacer.elementor-widget-empty .elementor-widget-empty-icon{position:absolute;top:0;bottom:0;left:0;right:0;margin:auto;padding:0;width:22px;height:22px}<\/style>\t\t<div class=\"elementor-spacer\">\n\t\t\t<div class=\"elementor-spacer-inner\"><\/div>\n\t\t<\/div>\n\t\t\t\t<\/div>\n\t\t\t\t<\/div>\n\t\t\t\t\t<\/div>\n\t\t<\/div>\n\t\t\t\t\t<\/div>\n\t\t<\/section>\n\t\t\t\t<section class=\"elementor-section elementor-top-section elementor-element elementor-element-6f57d69 elementor-section-height-min-height elementor-section-content-middle elementor-section-items-top elementor-section-boxed elementor-section-height-default wpr-particle-no wpr-jarallax-no wpr-parallax-no wpr-sticky-section-no\" data-id=\"6f57d69\" data-element_type=\"section\" data-settings=\"{&quot;background_background&quot;:&quot;classic&quot;}\">\n\t\t\t\t\t\t<div class=\"elementor-container elementor-column-gap-default\">\n\t\t\t\t\t<div class=\"elementor-column elementor-col-100 elementor-top-column elementor-element elementor-element-47228c7\" data-id=\"47228c7\" data-element_type=\"column\" data-settings=\"{&quot;background_background&quot;:&quot;classic&quot;}\">\n\t\t\t<div class=\"elementor-widget-wrap elementor-element-populated\">\n\t\t\t\t\t\t<div class=\"elementor-element elementor-element-745baeb e-transform elementor-widget elementor-widget-heading\" data-id=\"745baeb\" data-element_type=\"widget\" data-settings=\"{&quot;_transform_translateY_effect&quot;:{&quot;unit&quot;:&quot;px&quot;,&quot;size&quot;:519,&quot;sizes&quot;:[]},&quot;_transform_translateY_effect_tablet&quot;:{&quot;unit&quot;:&quot;px&quot;,&quot;size&quot;:260,&quot;sizes&quot;:[]},&quot;_transform_translateY_effect_mobile&quot;:{&quot;unit&quot;:&quot;px&quot;,&quot;size&quot;:159,&quot;sizes&quot;:[]},&quot;_transform_translateX_effect&quot;:{&quot;unit&quot;:&quot;px&quot;,&quot;size&quot;:&quot;&quot;,&quot;sizes&quot;:[]},&quot;_transform_translateX_effect_tablet&quot;:{&quot;unit&quot;:&quot;px&quot;,&quot;size&quot;:&quot;&quot;,&quot;sizes&quot;:[]},&quot;_transform_translateX_effect_mobile&quot;:{&quot;unit&quot;:&quot;px&quot;,&quot;size&quot;:&quot;&quot;,&quot;sizes&quot;:[]}}\" data-widget_type=\"heading.default\">\n\t\t\t\t<div class=\"elementor-widget-container\">\n\t\t\t<style>\/*! elementor - v3.22.0 - 26-06-2024 *\/\n.elementor-heading-title{padding:0;margin:0;line-height:1}.elementor-widget-heading .elementor-heading-title[class*=elementor-size-]>a{color:inherit;font-size:inherit;line-height:inherit}.elementor-widget-heading .elementor-heading-title.elementor-size-small{font-size:15px}.elementor-widget-heading .elementor-heading-title.elementor-size-medium{font-size:19px}.elementor-widget-heading .elementor-heading-title.elementor-size-large{font-size:29px}.elementor-widget-heading .elementor-heading-title.elementor-size-xl{font-size:39px}.elementor-widget-heading .elementor-heading-title.elementor-size-xxl{font-size:59px}<\/style><h1 class=\"elementor-heading-title elementor-size-default\">QUI SOMMES-NOUS<\/h1>\t\t<\/div>\n\t\t\t\t<\/div>\n\t\t\t\t\t<\/div>\n\t\t<\/div>\n\t\t\t\t\t<\/div>\n\t\t<\/section>\n\t\t\t\t<section class=\"elementor-section elementor-top-section elementor-element elementor-element-33e29eb elementor-section-boxed elementor-section-height-default elementor-section-height-default wpr-particle-no wpr-jarallax-no wpr-parallax-no wpr-sticky-section-no\" data-id=\"33e29eb\" data-element_type=\"section\">\n\t\t\t\t\t\t<div class=\"elementor-container elementor-column-gap-default\">\n\t\t\t\t\t<div class=\"elementor-column elementor-col-100 elementor-top-column elementor-element elementor-element-322a36f\" data-id=\"322a36f\" data-element_type=\"column\">\n\t\t\t<div class=\"elementor-widget-wrap elementor-element-populated\">\n\t\t\t\t\t\t<div class=\"elementor-element elementor-element-93b48fe elementor-widget elementor-widget-spacer\" data-id=\"93b48fe\" data-element_type=\"widget\" data-widget_type=\"spacer.default\">\n\t\t\t\t<div class=\"elementor-widget-container\">\n\t\t\t\t\t<div class=\"elementor-spacer\">\n\t\t\t<div class=\"elementor-spacer-inner\"><\/div>\n\t\t<\/div>\n\t\t\t\t<\/div>\n\t\t\t\t<\/div>\n\t\t\t\t\t<\/div>\n\t\t<\/div>\n\t\t\t\t\t<\/div>\n\t\t<\/section>\n\t\t\t\t<section class=\"elementor-section elementor-top-section elementor-element elementor-element-994c237 elementor-section-boxed elementor-section-height-default elementor-section-height-default wpr-particle-no wpr-jarallax-no wpr-parallax-no wpr-sticky-section-no\" data-id=\"994c237\" data-element_type=\"section\">\n\t\t\t\t\t\t<div class=\"elementor-container elementor-column-gap-default\">\n\t\t\t\t\t<div class=\"elementor-column elementor-col-100 elementor-top-column elementor-element elementor-element-619e53c\" data-id=\"619e53c\" data-element_type=\"column\">\n\t\t\t<div class=\"elementor-widget-wrap elementor-element-populated\">\n\t\t\t\t\t\t<div class=\"elementor-element elementor-element-b12faa2 elementor-drop-cap-yes elementor-drop-cap-view-default elementor-widget elementor-widget-text-editor\" data-id=\"b12faa2\" data-element_type=\"widget\" data-settings=\"{&quot;drop_cap&quot;:&quot;yes&quot;}\" data-widget_type=\"text-editor.default\">\n\t\t\t\t<div class=\"elementor-widget-container\">\n\t\t\t<style>\/*! elementor - v3.22.0 - 26-06-2024 *\/\n.elementor-widget-text-editor.elementor-drop-cap-view-stacked .elementor-drop-cap{background-color:#69727d;color:#fff}.elementor-widget-text-editor.elementor-drop-cap-view-framed .elementor-drop-cap{color:#69727d;border:3px solid;background-color:transparent}.elementor-widget-text-editor:not(.elementor-drop-cap-view-default) .elementor-drop-cap{margin-top:8px}.elementor-widget-text-editor:not(.elementor-drop-cap-view-default) .elementor-drop-cap-letter{width:1em;height:1em}.elementor-widget-text-editor .elementor-drop-cap{float:left;text-align:center;line-height:1;font-size:50px}.elementor-widget-text-editor .elementor-drop-cap-letter{display:inline-block}<\/style>\t\t\t\t<p style=\"font-weight: 400;\">Nous sommes une famille franco-mexicaine passionn\u00e9e de tourisme et \u00e9tablie au Mexique depuis plus de 15 ans. Il s\u2019agit l\u00e0 de notre appartement personnel que nous avons imagin\u00e9 et meubl\u00e9 \u00e0 notre image. Nous l\u2019adorons alors prenez en grand soin ! Nous l\u2019avons imagin\u00e9 pratique, agr\u00e9able \u00e0 vivre, naturel, reposant, un pied dedans un pied dehors et parfaitement \u00e9quip\u00e9. Nous le mettons en location sur les p\u00e9riodes pendant lesquelles nous ne l\u2019utilisons pas. Ayant des enfants en bas \u00e2ge, rien ne manquera \u00e0 vos ch\u00e9rubins (chaises hautes, vaisselle incassable, baignoire en plastique, etc.). Les r\u00e9servations pass\u00e9es sur ce site nous arrivent directement et sans interm\u00e9diaires. Nous sommes donc ici \u00ab entre particuliers \u00bb et gens de confiance. L\u2019id\u00e9e est principalement de simplifier les d\u00e9marches et surtout de pour vous faire \u00e9conomiser les surco\u00fbts souvent exag\u00e9r\u00e9s des principales plates-formes (surtout pour les long s\u00e9jours). C\u2019est la raison pour laquelle m\u00eame si vous nous voyez ailleurs c\u2019est ici que nous pouvons vous garantir les meilleurs tarifs. En d\u2019autres mots, Maman fait l\u2019Instagram, Papa le site et les r\u00e9servations, et les enfants dans la piscine ! <br><br>\n\nEn ce qui nous concerne, nous adorons l\u2019ambiance de Tulum et y s\u00e9journons plusieurs fois par an mais mieux vaut vous pr\u00e9venir, vous entendrez tout et son contraire sur cette ville. Beaucoup de personne passent litt\u00e9ralement \u00e0 c\u00f4t\u00e9 de tout faute des bonnes infos. Du coup, ils tombent dans les attrapes touristes, c\u2019est la d\u00e9sillusion totale et l\u2019\u00e9ternelle plainte du tourisme de masse \u00e0 Tulum. Cette ville est \u00e0 prendre comme une caverne d\u2019Ali Baba, il faut en d\u00e9nicher les merveilles. <br><br>\n\nDeux choses nous paraissent importantes pour s\u2019assurer d\u2019y passer un s\u00e9jour exceptionnel : ne pas se tromper de logement (\u00e0 priori c\u2019est bon), et bien conna\u00eetre les bons plans. Pour \u00e7a, ne vous inqui\u00e9tez pas on vous aidera. Si ce n\u2019est pas d\u00e9j\u00e0 fait, vous pouvez d\u2019ailleurs commencer par consulter notre section : \u00ab Que faire \u00e0 Tulum \u00bb.  \n <strong>&#8216;<a href=\"https:\/\/www.relaxtulumapartment.com\/fr\/que_faire_a_tulum\"> QUE FAIRE \u00c0 TULUM<\/a>&#8216; <\/strong><\/p>\t\t\t\t\t\t<\/div>\n\t\t\t\t<\/div>\n\t\t\t\t\t<\/div>\n\t\t<\/div>\n\t\t\t\t\t<\/div>\n\t\t<\/section>\n\t\t\t\t<section class=\"elementor-section elementor-top-section elementor-element elementor-element-cbcb2b5 elementor-section-boxed elementor-section-height-default elementor-section-height-default wpr-particle-no wpr-jarallax-no wpr-parallax-no wpr-sticky-section-no\" data-id=\"cbcb2b5\" data-element_type=\"section\">\n\t\t\t\t\t\t<div class=\"elementor-container elementor-column-gap-default\">\n\t\t\t\t\t<div class=\"elementor-column elementor-col-100 elementor-top-column elementor-element elementor-element-ef6e563\" data-id=\"ef6e563\" data-element_type=\"column\">\n\t\t\t<div class=\"elementor-widget-wrap elementor-element-populated\">\n\t\t\t\t\t\t<div class=\"elementor-element elementor-element-200d651 elementor-widget elementor-widget-spacer\" data-id=\"200d651\" data-element_type=\"widget\" data-widget_type=\"spacer.default\">\n\t\t\t\t<div class=\"elementor-widget-container\">\n\t\t\t\t\t<div class=\"elementor-spacer\">\n\t\t\t<div class=\"elementor-spacer-inner\"><\/div>\n\t\t<\/div>\n\t\t\t\t<\/div>\n\t\t\t\t<\/div>\n\t\t\t\t\t<\/div>\n\t\t<\/div>\n\t\t\t\t\t<\/div>\n\t\t<\/section>\n\t\t\t\t<section class=\"elementor-section elementor-top-section elementor-element elementor-element-5b89bd6 elementor-section-boxed elementor-section-height-default elementor-section-height-default wpr-particle-no wpr-jarallax-no wpr-parallax-no wpr-sticky-section-no\" data-id=\"5b89bd6\" data-element_type=\"section\">\n\t\t\t\t\t\t<div class=\"elementor-container elementor-column-gap-default\">\n\t\t\t\t\t<div class=\"elementor-column elementor-col-100 elementor-top-column elementor-element elementor-element-7eefc30\" data-id=\"7eefc30\" data-element_type=\"column\">\n\t\t\t<div class=\"elementor-widget-wrap elementor-element-populated\">\n\t\t\t\t\t\t<div class=\"elementor-element elementor-element-b0c3925 elementor-widget elementor-widget-heading\" data-id=\"b0c3925\" data-element_type=\"widget\" data-widget_type=\"heading.default\">\n\t\t\t\t<div class=\"elementor-widget-container\">\n\t\t\t<h3 class=\"elementor-heading-title elementor-size-default\">Bon voyage \u00e0 Tulum !<\/h3>\t\t<\/div>\n\t\t\t\t<\/div>\n\t\t\t\t\t<\/div>\n\t\t<\/div>\n\t\t\t\t\t<\/div>\n\t\t<\/section>\n\t\t\t\t<section class=\"elementor-section elementor-top-section elementor-element elementor-element-daf0cb8 elementor-section-boxed elementor-section-height-default elementor-section-height-default wpr-particle-no wpr-jarallax-no wpr-parallax-no wpr-sticky-section-no\" data-id=\"daf0cb8\" data-element_type=\"section\">\n\t\t\t\t\t\t<div class=\"elementor-container elementor-column-gap-default\">\n\t\t\t\t\t<div class=\"elementor-column elementor-col-100 elementor-top-column elementor-element elementor-element-ef99db8\" data-id=\"ef99db8\" data-element_type=\"column\">\n\t\t\t<div class=\"elementor-widget-wrap elementor-element-populated\">\n\t\t\t\t\t\t<div class=\"elementor-element elementor-element-2848a3d elementor-widget elementor-widget-spacer\" data-id=\"2848a3d\" data-element_type=\"widget\" data-widget_type=\"spacer.default\">\n\t\t\t\t<div class=\"elementor-widget-container\">\n\t\t\t\t\t<div class=\"elementor-spacer\">\n\t\t\t<div class=\"elementor-spacer-inner\"><\/div>\n\t\t<\/div>\n\t\t\t\t<\/div>\n\t\t\t\t<\/div>\n\t\t\t\t\t<\/div>\n\t\t<\/div>\n\t\t\t\t\t<\/div>\n\t\t<\/section>\n\t\t\t\t<\/div>\n\t\t","protected":false},"excerpt":{"rendered":"<p>QUI SOMMES-NOUS Nous sommes une famille franco-mexicaine passionn\u00e9e de tourisme et \u00e9tablie au Mexique depuis plus de 15 ans. Il s\u2019agit l\u00e0 de notre appartement personnel que nous avons imagin\u00e9 et meubl\u00e9 \u00e0 notre image. Nous l\u2019adorons alors prenez en grand soin ! Nous l\u2019avons imagin\u00e9 pratique, agr\u00e9able \u00e0 vivre, naturel, reposant, un pied dedans un pied dehors et parfaitement \u00e9quip\u00e9. Nous le mettons en location sur les p\u00e9riodes pendant lesquelles nous ne l\u2019utilisons pas. Ayant des enfants en bas \u00e2ge, rien ne manquera \u00e0 vos ch\u00e9rubins (chaises hautes, vaisselle incassable, baignoire en plastique, etc.). Les r\u00e9servations pass\u00e9es sur ce site nous arrivent directement et sans interm\u00e9diaires. Nous sommes donc ici \u00ab entre particuliers \u00bb et gens de confiance. L\u2019id\u00e9e est principalement de simplifier les d\u00e9marches et surtout de pour vous faire \u00e9conomiser les surco\u00fbts souvent exag\u00e9r\u00e9s des principales plates-formes (surtout pour les long s\u00e9jours). C\u2019est la raison pour laquelle m\u00eame si vous nous voyez ailleurs c\u2019est ici que nous pouvons vous garantir les meilleurs tarifs. En d\u2019autres mots, Maman fait l\u2019Instagram, Papa le site et les r\u00e9servations, et les enfants dans la piscine ! En ce qui nous concerne, nous adorons l\u2019ambiance de Tulum et y s\u00e9journons plusieurs fois par an mais mieux vaut vous pr\u00e9venir, vous entendrez tout et son contraire sur cette ville. Beaucoup de personne passent litt\u00e9ralement \u00e0 c\u00f4t\u00e9 de tout faute des bonnes infos. Du coup, ils tombent dans les attrapes touristes, c\u2019est la d\u00e9sillusion totale et l\u2019\u00e9ternelle plainte du tourisme de masse \u00e0 Tulum. Cette ville est \u00e0 prendre comme une caverne d\u2019Ali Baba, il faut en d\u00e9nicher les merveilles. Deux choses nous paraissent importantes pour s\u2019assurer d\u2019y passer un s\u00e9jour exceptionnel : ne pas se tromper de logement (\u00e0 priori c\u2019est bon), et bien conna\u00eetre les bons plans. Pour \u00e7a, ne vous inqui\u00e9tez pas on vous aidera. Si ce n\u2019est pas d\u00e9j\u00e0 fait, vous pouvez d\u2019ailleurs commencer par consulter notre section : \u00ab Que faire \u00e0 Tulum \u00bb. &#8216; QUE FAIRE \u00c0 TULUM&#8216; Bon voyage \u00e0 Tulum !<\/p>\n","protected":false},"author":1,"featured_media":0,"parent":0,"menu_order":0,"comment_status":"closed","ping_status":"closed","template":"","meta":{"site-sidebar-layout":"no-sidebar","site-content-layout":"page-builder","ast-site-content-layout":"","site-content-style":"default","site-sidebar-style":"default","ast-global-header-display":"","ast-banner-title-visibility":"","ast-main-header-display":"","ast-hfb-above-header-display":"","ast-hfb-below-header-display":"","ast-hfb-mobile-header-display":"","site-post-title":"disabled","ast-breadcrumbs-content":"","ast-featured-img":"disabled","footer-sml-layout":"","theme-transparent-header-meta":"enabled","adv-header-id-meta":"","stick-header-meta":"","header-above-stick-meta":"","header-main-stick-meta":"","header-below-stick-meta":"","astra-migrate-meta-layouts":"default","ast-page-background-enabled":"default","ast-page-background-meta":{"desktop":{"background-color":"var(--ast-global-color-4)","background-image":"","background-repeat":"repeat","background-position":"center center","background-size":"auto","background-attachment":"scroll","background-type":"","background-media":"","overlay-type":"","overlay-color":"","overlay-opacity":"","overlay-gradient":""},"tablet":{"background-color":"","background-image":"","background-repeat":"repeat","background-position":"center center","background-size":"auto","background-attachment":"scroll","background-type":"","background-media":"","overlay-type":"","overlay-color":"","overlay-opacity":"","overlay-gradient":""},"mobile":{"background-color":"","background-image":"","background-repeat":"repeat","background-position":"center center","background-size":"auto","background-attachment":"scroll","background-type":"","background-media":"","overlay-type":"","overlay-color":"","overlay-opacity":"","overlay-gradient":""}},"ast-content-background-meta":{"desktop":{"background-color":"var(--ast-global-color-5)","background-image":"","background-repeat":"repeat","background-position":"center center","background-size":"auto","background-attachment":"scroll","background-type":"","background-media":"","overlay-type":"","overlay-color":"","overlay-opacity":"","overlay-gradient":""},"tablet":{"background-color":"var(--ast-global-color-5)","background-image":"","background-repeat":"repeat","background-position":"center center","background-size":"auto","background-attachment":"scroll","background-type":"","background-media":"","overlay-type":"","overlay-color":"","overlay-opacity":"","overlay-gradient":""},"mobile":{"background-color":"var(--ast-global-color-5)","background-image":"","background-repeat":"repeat","background-position":"center center","background-size":"auto","background-attachment":"scroll","background-type":"","background-media":"","overlay-type":"","overlay-color":"","overlay-opacity":"","overlay-gradient":""}},"footnotes":""},"_links":{"self":[{"href":"https:\/\/www.relaxtulumapartment.com\/fr\/wp-json\/wp\/v2\/pages\/23"}],"collection":[{"href":"https:\/\/www.relaxtulumapartment.com\/fr\/wp-json\/wp\/v2\/pages"}],"about":[{"href":"https:\/\/www.relaxtulumapartment.com\/fr\/wp-json\/wp\/v2\/types\/page"}],"author":[{"embeddable":true,"href":"https:\/\/www.relaxtulumapartment.com\/fr\/wp-json\/wp\/v2\/users\/1"}],"replies":[{"embeddable":true,"href":"https:\/\/www.relaxtulumapartment.com\/fr\/wp-json\/wp\/v2\/comments?post=23"}],"version-history":[{"count":10,"href":"https:\/\/www.relaxtulumapartment.com\/fr\/wp-json\/wp\/v2\/pages\/23\/revisions"}],"predecessor-version":[{"id":245,"href":"https:\/\/www.relaxtulumapartment.com\/fr\/wp-json\/wp\/v2\/pages\/23\/revisions\/245"}],"wp:attachment":[{"href":"https:\/\/www.relaxtulumapartment.com\/fr\/wp-json\/wp\/v2\/media?parent=23"}],"curies":[{"name":"wp","href":"https:\/\/api.w.org\/{rel}","templated":true}]}}